{"id":73,"date":"2026-02-08T12:52:21","date_gmt":"2026-02-08T12:52:21","guid":{"rendered":"https:\/\/mecaclic.com\/?page_id=73"},"modified":"2026-02-08T13:05:39","modified_gmt":"2026-02-08T13:05:39","slug":"presentation","status":"publish","type":"page","link":"https:\/\/mecaclic.com\/index.php\/presentation\/","title":{"rendered":"Pr\u00e9sentation"},"content":{"rendered":"\n<p data-wp-context---core-fit-text=\"core\/fit-text::{&quot;fontSize&quot;:&quot;&quot;}\" data-wp-init---core-fit-text=\"core\/fit-text::callbacks.init\" data-wp-interactive data-wp-style--font-size=\"core\/fit-text::context.fontSize\" class=\"has-text-align-center has-fit-text\"><strong>Pr\u00e9cision, Passion et Proximit\u00e9<\/strong><\/p>\n\n\n\n<p class=\"has-text-align-center\"><strong>De la piste \u00e0 l\u2019atelier : ma passion en action<\/strong><\/p>\n\n\n\n<p>     Depuis l\u2019\u00e2ge de 14 ans, la m\u00e9canique a toujours \u00e9t\u00e9 une \u00e9vidence pour moi. J\u2019\u00e9tais fascin\u00e9 par la mani\u00e8re dont les pi\u00e8ces s\u2019assemblent pour donner vie \u00e0 un moteur, par cette pr\u00e9cision et ce savoir-faire qui transforment le m\u00e9tal en mouvement. Pourtant, mon parcours a suivi un chemin plus sinueux. Apr\u00e8s un bac scientifique et une premi\u00e8re ann\u00e9e en biologie, j\u2019ai voulu rejoindre un lyc\u00e9e professionnel pour passer un CAP de m\u00e9canicien\u2026 mais ma candidature a \u00e9t\u00e9 refus\u00e9e.<\/p>\n\n\n\n<p>     Ne laissant pas tomber ma curiosit\u00e9 et mon envie d\u2019apprendre, j\u2019ai explor\u00e9 d\u2019autres horizons : l\u2019informatique, le data management et le reporting financier sont devenus mes terrains d\u2019exp\u00e9rimentation. Ces exp\u00e9riences m\u2019ont appris la rigueur, l\u2019organisation et la valeur des donn\u00e9es, mais une question persistait : je n\u2019avais jamais oubli\u00e9 ma passion premi\u00e8re.<\/p>\n\n\n\n<p>     Ma passion pour la m\u00e9canique ne se limite pas \u00e0 l\u2019atelier : je pratique \u00e9galement la piste moto, o\u00f9 chaque virage et chaque acc\u00e9l\u00e9ration me rappellent l\u2019importance de la pr\u00e9cision, de la r\u00e9activit\u00e9 et de l\u2019entretien rigoureux de la machine. Cette exp\u00e9rience m\u2019a appris \u00e0 anticiper, \u00e0 comprendre les limites et \u00e0 optimiser la performance, autant de qualit\u00e9s que je transpose aujourd\u2019hui dans mon travail.<\/p>\n\n\n\n<p>     Aujourd\u2019hui, j\u2019ai d\u00e9cid\u00e9 de revenir \u00e0 mes premi\u00e8res aspirations et de les transformer en projet concret. Le besoin de travailler dans la confiance, la volont\u00e9 d\u2019apporter un service diff\u00e9rent dans ma r\u00e9gion et l\u2019approche durable qui guide ce concept ont \u00e9t\u00e9 les moteurs de cette d\u00e9cision. Je voulais cr\u00e9er quelque chose qui ne soit pas seulement un service technique, mais une v\u00e9ritable relation de proximit\u00e9 et de fiabilit\u00e9 avec ceux que je sers.<\/p>\n\n\n\n<p>     Pour incarner pleinement ces valeurs, j\u2019ai choisi de changer de nom et de donner \u00e0 mon projet une identit\u00e9 qui refl\u00e8te ce en quoi je crois : qualit\u00e9, confiance et proximit\u00e9. Chaque \u00e9change, chaque intervention, sera guid\u00e9 par ces principes. Mon objectif est clair : offrir un service m\u00e9canique o\u00f9 le savoir-faire technique rencontre l\u2019humain, o\u00f9 la confiance est le fondement de chaque interaction, et o\u00f9 chaque client se sent entendu et accompagn\u00e9.<\/p>\n\n\n\n<p>     Parce que pour moi, la m\u00e9canique n\u2019est pas seulement un m\u00e9tier : c\u2019est une passion, une vocation, et surtout un moyen de cr\u00e9er des liens durables avec ma communaut\u00e9 \u2014 sur piste comme dans l\u2019atelier.<\/p>\n","protected":false},"excerpt":{"rendered":"<p>Pr\u00e9cision, Passion et Proximit\u00e9 De la piste \u00e0 l\u2019atelier : ma passion en action Depuis l\u2019\u00e2ge de 14 ans, la m\u00e9canique a toujours \u00e9t\u00e9 une \u00e9vidence pour moi. J\u2019\u00e9tais fascin\u00e9 par la mani\u00e8re dont les pi\u00e8ces s\u2019assemblent pour donner vie \u00e0 un moteur, par cette pr\u00e9cision et ce savoir-faire qui transforment le m\u00e9tal en mouvement. [&hellip;]<\/p>\n","protected":false},"author":1,"featured_media":0,"parent":0,"menu_order":0,"comment_status":"closed","ping_status":"closed","template":"","meta":{"footnotes":""},"class_list":["post-73","page","type-page","status-publish","hentry"],"_links":{"self":[{"href":"https:\/\/mecaclic.com\/index.php\/wp-json\/wp\/v2\/pages\/73","targetHints":{"allow":["GET"]}}],"collection":[{"href":"https:\/\/mecaclic.com\/index.php\/wp-json\/wp\/v2\/pages"}],"about":[{"href":"https:\/\/mecaclic.com\/index.php\/wp-json\/wp\/v2\/types\/page"}],"author":[{"embeddable":true,"href":"https:\/\/mecaclic.com\/index.php\/wp-json\/wp\/v2\/users\/1"}],"replies":[{"embeddable":true,"href":"https:\/\/mecaclic.com\/index.php\/wp-json\/wp\/v2\/comments?post=73"}],"version-history":[{"count":2,"href":"https:\/\/mecaclic.com\/index.php\/wp-json\/wp\/v2\/pages\/73\/revisions"}],"predecessor-version":[{"id":83,"href":"https:\/\/mecaclic.com\/index.php\/wp-json\/wp\/v2\/pages\/73\/revisions\/83"}],"wp:attachment":[{"href":"https:\/\/mecaclic.com\/index.php\/wp-json\/wp\/v2\/media?parent=73"}],"curies":[{"name":"wp","href":"https:\/\/api.w.org\/{rel}","templated":true}]}}